{"id":4856,"date":"2023-03-21T09:08:39","date_gmt":"2023-03-21T09:08:39","guid":{"rendered":"https:\/\/www.musec.ch\/prodotto\/je-suis-lautre-giacometti-picasso-e-gli-altri-il-primitivismo-nella-scultura-del-novecento\/"},"modified":"2024-09-18T09:11:47","modified_gmt":"2024-09-18T09:11:47","slug":"je-suis-lautre-giacometti-picasso-e-gli-altri-il-primitivismo-nella-scultura-del-novecento","status":"publish","type":"product","link":"https:\/\/www.musec.ch\/en\/prodotto\/je-suis-lautre-giacometti-picasso-e-gli-altri-il-primitivismo-nella-scultura-del-novecento\/","title":{"rendered":"Je suis l\u2019autre. Giacometti, Picasso e gli altri. Il Primitivismo nella scultura del Novecento"},"content":{"rendered":"","protected":false},"excerpt":{"rendered":"<p>Campione Francesco Paolo &amp; Messina Maria Grazia (a cura di)<br \/>\n<strong><em>Je suis l\u2019autre. Giacometti, Picasso e gli altri. Il Primitivismo nella scultura del Novecento<\/em><\/strong>, Electa, Milano, settembre 2018. ISBN 978-88-918-2069-3. Pp. 352.<\/p>\n<p><strong>Testi\/Text<br \/>\n<\/strong>Prefazioni: Daniela Porro, p. 6 e Roberto Badaracco, p. 7<br \/>\nNota grafica \u00abManifesto e dichiarato\u00bb di Leonardo Sonnoli pp. 8-9<br \/>\nIntroduzione di Francesco Paolo Campione, pp. 12-17<br \/>\nFrancesco Paolo Campione, \u00abL\u2019armamentario primitivista\u00bb, pp. 196-209 e Sguardi dall\u2019Occidente. Le \u00abarti primitive\u00bb 258-259<br \/>\nCarsten Juhl, \u00abDall\u2019origine alla statua. Sulle tracce del sito primitivista\u00bb, pp. 210-215 e 259<br \/>\nLuigi Sansone, \u00abAntichi mondi del mito nella scultura moderna\u00bb, pp. 216-221 e 260<br \/>\nMarco Fagioli \u00abL&#8217;esperienza del Primitivismo nella scultura moderna\u00bb, pp. 222-233 e 260<br \/>\nMaria Grazia Messina, \u00abLes dieux inf\u00e9rieurs des obscures esp\u00e9rances. Avanguardie e <em>art n\u00e8gre<\/em> nella Parigi di inizio Novecento\u00bb, pp. 234-241 e 261<br \/>\nAlessandro Del Puppo, \u00abSovversione o mercificazione? Decorsi dell\u2019<em>art n\u00e8gre<\/em> tra anni venti e trenta\u00bb, pp. 242-251 e 261-262<br \/>\nChiara Fabi, \u00abPrimitivismo come antinovecentismo nella scultura italiana degli anni trenta. Giacomo Manz\u00f9 e Marino Marini\u00bb, pp. 252-257 e 262<br \/>\nFrancesco Paolo Campione, \u00abSguardi dall\u2019Occidente. Le \u201carti primitive\u201d secondo gli artisti del Novecento\u00bb, pp. 266-285<br \/>\nMaria Grazia Messina, \u00abSguardi dall\u2019Occidente. Le \u201carti primitive\u201d nella lettura di antropologi e saggisti\u00bb, pp. 287-301<br \/>\nDesdemona Ventroni, \u00abCronologia del Primitivismo\u00bb, pp. 303-350<br \/>\nSchede introduttive alle sezioni espositive di Imogen Heitmann, pp. 20-21, 26-27, 52-53, 88-89, 124-125 e 154-155. Schede delle opere di: Antonio Aimi, Giorgio Bedoni, Alessia Borellini, Francesco Paolo Campione, Alessandra Cardelli Antinori, Vittorio Carini, Alessandro Del Puppo, Giuseppe Di Natale, Chiara Fabi, Marco Fagioli, G\u00fcnther Giovannoni, Imogen Heitmann, Lorenz Homberger, Isabella Lenzo Massei, Paolo Maiullari, Maria Grazia Messina, Maria Gloria Roselli, Luigi Sansone<\/p>\n","protected":false},"featured_media":2751,"template":"","meta":[],"product_brand":[],"product_cat":[132],"product_tag":[],"class_list":{"0":"post-4856","1":"product","2":"type-product","3":"status-publish","4":"has-post-thumbnail","6":"product_cat-pubblicazioni-en","8":"first","9":"instock","10":"shipping-taxable","11":"purchasable","12":"product-type-simple"},"_links":{"self":[{"href":"https:\/\/www.musec.ch\/en\/wp-json\/wp\/v2\/product\/4856","targetHints":{"allow":["GET"]}}],"collection":[{"href":"https:\/\/www.musec.ch\/en\/wp-json\/wp\/v2\/product"}],"about":[{"href":"https:\/\/www.musec.ch\/en\/wp-json\/wp\/v2\/types\/product"}],"wp:featuredmedia":[{"embeddable":true,"href":"https:\/\/www.musec.ch\/en\/wp-json\/wp\/v2\/media\/2751"}],"wp:attachment":[{"href":"https:\/\/www.musec.ch\/en\/wp-json\/wp\/v2\/media?parent=4856"}],"wp:term":[{"taxonomy":"product_brand","embeddable":true,"href":"https:\/\/www.musec.ch\/en\/wp-json\/wp\/v2\/product_brand?post=4856"},{"taxonomy":"product_cat","embeddable":true,"href":"https:\/\/www.musec.ch\/en\/wp-json\/wp\/v2\/product_cat?post=4856"},{"taxonomy":"product_tag","embeddable":true,"href":"https:\/\/www.musec.ch\/en\/wp-json\/wp\/v2\/product_tag?post=4856"}],"curies":[{"name":"wp","href":"https:\/\/api.w.org\/{rel}","templated":true}]}}