{"id":4865,"date":"2023-03-16T15:22:36","date_gmt":"2023-03-16T15:22:36","guid":{"rendered":"https:\/\/www.musec.ch\/prodotto\/lart-de-lamour-au-temps-des-geishas\/"},"modified":"2025-11-14T10:29:10","modified_gmt":"2025-11-14T10:29:10","slug":"lart-de-lamour-au-temps-des-geishas","status":"publish","type":"product","link":"https:\/\/www.musec.ch\/en\/prodotto\/lart-de-lamour-au-temps-des-geishas\/","title":{"rendered":"L\u2019art de l\u2019amour au temps des geishas"},"content":{"rendered":"","protected":false},"excerpt":{"rendered":"<p><span style=\"color: #c41010;\"><strong>CATALOGO ESAURITO<\/strong><\/span><\/p>\n<p>Campione Francesco Paolo &amp; Fagioli Marco (a cura di)<br \/>\n<strong><em>L\u2019art de l\u2019amour au temps des geishas<br \/>\n<\/em><\/strong>Giunti, Firenze 2014. ISBN 978-88-09-80654-2. Pp. 336<\/p>\n<p><strong>Testi<br \/>\n<\/strong>Pr\u00e9face\/Prefazione: Marc Restellini, pp. 10-11<br \/>\nAdriana Boscaro\u00a0: <em>La condition de la femme dans le Japon des Tokugawa et l\u2019image de la geisha en Occident<\/em>, pp. 15-21<br \/>\nMarco Fagioli\u00a0: <em>Les joyaux de l\u2019amour. <\/em><em>Origine, d\u00e9veloppement et ma\u00eetres du genre shunga<\/em>, pp. 23-37<br \/>\nBonaventura Ruperti\u00a0<em>: Le jeu des mots. Images, sensualit\u00e9 et humour dans les estampes de l\u2019ukiyo-e<\/em>, pp. 39-47<br \/>\nFrancesco Paolo Campione\u00a0: <em>L\u2019image de la femme dans la photographie de l\u2019\u00c9cole de Yokohama<\/em>, pp. 49-56<br \/>\nPaola Scrolavezza\u00a0: <em>Boom du hentai. Le march\u00e9 mondialis\u00e9 du porno japonais \u00e0 l\u2019\u00e8re d\u2019internet<\/em>, pp. 59-63<br \/>\nMarcello Ceccherini\u00a0 e Enrico Giannini\u00a0: <em>La technique et les m\u00e9tiers de la xylographie japonaise<\/em>, pp. 65-71<br \/>\nSchede critiche delle opere in esposizione: <em>Les \u0153uvres<\/em>, pp. 73-311 e 314-321<br \/>\nMarco Fagioli; G\u00fcnther Giovannoni: ukiyo-e e dipinti,<br \/>\nMoira Luraschi: fotografie della Scuola di Yokohama<br \/>\nMarta Boscolo Marchi, Elisa A. de Concini, Marco Guglielminotti Trivel; Fiorella Spadavecchia: opere d\u2019arte applicata<br \/>\nPaola Scrolavezza: opere d\u2019arte contemporanea<br \/>\nAltri apparati; Moira Luraschi\u00a0<em>: \u00a0Glossaire des termes japonais<\/em>, pp. 322-328\u00a0; Adriana Mazza\u00a0: <em>Liste des artistes mentionn\u00e9s<\/em>, pp. 329-330<\/p>\n","protected":false},"featured_media":2681,"template":"","meta":[],"product_brand":[],"product_cat":[132],"product_tag":[],"class_list":{"0":"post-4865","1":"product","2":"type-product","3":"status-publish","4":"has-post-thumbnail","6":"product_cat-pubblicazioni-en","8":"first","9":"outofstock","10":"shipping-taxable","11":"product-type-simple"},"_links":{"self":[{"href":"https:\/\/www.musec.ch\/en\/wp-json\/wp\/v2\/product\/4865","targetHints":{"allow":["GET"]}}],"collection":[{"href":"https:\/\/www.musec.ch\/en\/wp-json\/wp\/v2\/product"}],"about":[{"href":"https:\/\/www.musec.ch\/en\/wp-json\/wp\/v2\/types\/product"}],"wp:featuredmedia":[{"embeddable":true,"href":"https:\/\/www.musec.ch\/en\/wp-json\/wp\/v2\/media\/2681"}],"wp:attachment":[{"href":"https:\/\/www.musec.ch\/en\/wp-json\/wp\/v2\/media?parent=4865"}],"wp:term":[{"taxonomy":"product_brand","embeddable":true,"href":"https:\/\/www.musec.ch\/en\/wp-json\/wp\/v2\/product_brand?post=4865"},{"taxonomy":"product_cat","embeddable":true,"href":"https:\/\/www.musec.ch\/en\/wp-json\/wp\/v2\/product_cat?post=4865"},{"taxonomy":"product_tag","embeddable":true,"href":"https:\/\/www.musec.ch\/en\/wp-json\/wp\/v2\/product_tag?post=4865"}],"curies":[{"name":"wp","href":"https:\/\/api.w.org\/{rel}","templated":true}]}}