{"id":4870,"date":"2023-03-16T14:47:22","date_gmt":"2023-03-16T14:47:22","guid":{"rendered":"https:\/\/www.musec.ch\/prodotto\/dana-larte-birmana-del-dono\/"},"modified":"2024-09-18T09:14:16","modified_gmt":"2024-09-18T09:14:16","slug":"dana-larte-birmana-del-dono","status":"publish","type":"product","link":"https:\/\/www.musec.ch\/en\/prodotto\/dana-larte-birmana-del-dono\/","title":{"rendered":"Dana. L\u2019arte birmana del dono"},"content":{"rendered":"","protected":false},"excerpt":{"rendered":"<p>Coderey C\u00e9line (a cura di)<br \/>\n<em><strong>Dana. L\u2019arte birmana del dono. I capolavori della Collezione Peppler<\/strong>,<\/em> Mazzotta (Altrarti\/6), Milano, 2013. ISBN 978-88-202-2003-7. Pp. 180<\/p>\n<p><strong>Testi<br \/>\n<\/strong>Prefazione: Giovanna Masoni Brenni, p. 7<br \/>\nPremessa: Francesco Paolo Campione, pp. 9-11<br \/>\nCharlotte Galloway, <em>Le arti e l\u2019artigianato tradizionali birmani al servizio del buddismo<\/em>, pp. 15-29<br \/>\nC\u00e9line Coderey, <em>Dana. L\u2019arte birmana del dono<\/em>, pp. 31-47<br \/>\nAlexandra Green, <em>La datazione delle tarde immagini birmane del Buddha in un contesto storico artistico<\/em>, pp. 49-59<br \/>\nB\u00e9n\u00e9dicte Brac de la Perri\u00e8re, <em>Il ruolo delle statue dei <\/em>nat<em> nella possessione spiritica<\/em>, pp. 61-67<br \/>\nAlexandra de Mersan, <em>L\u2019arte del betel: usi sociali e rituali in Birmania<\/em>, pp. 69-79 Schede delle opere, pp. 141-175, a cura di C\u00e9line Coderey<\/p>\n","protected":false},"featured_media":2650,"template":"","meta":[],"product_brand":[],"product_cat":[132],"product_tag":[],"class_list":{"0":"post-4870","1":"product","2":"type-product","3":"status-publish","4":"has-post-thumbnail","6":"product_cat-pubblicazioni-en","8":"first","9":"instock","10":"shipping-taxable","11":"purchasable","12":"product-type-simple"},"_links":{"self":[{"href":"https:\/\/www.musec.ch\/en\/wp-json\/wp\/v2\/product\/4870","targetHints":{"allow":["GET"]}}],"collection":[{"href":"https:\/\/www.musec.ch\/en\/wp-json\/wp\/v2\/product"}],"about":[{"href":"https:\/\/www.musec.ch\/en\/wp-json\/wp\/v2\/types\/product"}],"wp:featuredmedia":[{"embeddable":true,"href":"https:\/\/www.musec.ch\/en\/wp-json\/wp\/v2\/media\/2650"}],"wp:attachment":[{"href":"https:\/\/www.musec.ch\/en\/wp-json\/wp\/v2\/media?parent=4870"}],"wp:term":[{"taxonomy":"product_brand","embeddable":true,"href":"https:\/\/www.musec.ch\/en\/wp-json\/wp\/v2\/product_brand?post=4870"},{"taxonomy":"product_cat","embeddable":true,"href":"https:\/\/www.musec.ch\/en\/wp-json\/wp\/v2\/product_cat?post=4870"},{"taxonomy":"product_tag","embeddable":true,"href":"https:\/\/www.musec.ch\/en\/wp-json\/wp\/v2\/product_tag?post=4870"}],"curies":[{"name":"wp","href":"https:\/\/api.w.org\/{rel}","templated":true}]}}